{"id":151,"date":"2022-02-25T14:44:17","date_gmt":"2022-02-25T13:44:17","guid":{"rendered":"https:\/\/archimedes.umcs.pl\/nobel\/?page_id=151"},"modified":"2024-02-20T13:59:10","modified_gmt":"2024-02-20T12:59:10","slug":"spotkania-z-fizyka-i-matematyka","status":"publish","type":"page","link":"https:\/\/archimedes.umcs.pl\/nobel\/","title":{"rendered":"Eksperyment na Nobla"},"content":{"rendered":"\n<figure class=\"wp-block-image size-large\"><img loading=\"lazy\" decoding=\"async\" width=\"1024\" height=\"257\" src=\"https:\/\/archimedes.umcs.pl\/nobel\/wp-content\/uploads\/sites\/16\/2022\/12\/baner-1024x257.jpg\" alt=\"\" class=\"wp-image-507\" srcset=\"https:\/\/archimedes.umcs.pl\/nobel\/wp-content\/uploads\/sites\/16\/2022\/12\/baner-1024x257.jpg 1024w, https:\/\/archimedes.umcs.pl\/nobel\/wp-content\/uploads\/sites\/16\/2022\/12\/baner-300x75.jpg 300w, https:\/\/archimedes.umcs.pl\/nobel\/wp-content\/uploads\/sites\/16\/2022\/12\/baner-768x193.jpg 768w, https:\/\/archimedes.umcs.pl\/nobel\/wp-content\/uploads\/sites\/16\/2022\/12\/baner-1536x386.jpg 1536w, https:\/\/archimedes.umcs.pl\/nobel\/wp-content\/uploads\/sites\/16\/2022\/12\/baner-2048x515.jpg 2048w\" sizes=\"auto, (max-width: 1024px) 100vw, 1024px\" \/><\/figure>\n\n\n\n<p>Czy mo\u017cna w sali wyk\u0142adowej odtworzy\u0107 eksperyment, za kt\u00f3ry przyznano Nagrod\u0119 Nobla? Tak! Zapraszamy do Auli Instytutu Fizyki UMCS w Lublinie, aby wsp\u00f3lnie poeksperymentowa\u0107 i wykona\u0107 do\u015bwiadczenia, kt\u00f3re poszerzy\u0142y wiedz\u0119 ludzko\u015bci, a ich tw\u00f3rcom przynios\u0142y s\u0142aw\u0119.<\/p>\n\n\n\n<p>Na spotkaniach przybli\u017cymy sylwetki naukowc\u00f3w i wyja\u015bnimy, jak dosz\u0142o do prze\u0142omowego odkrycia, poznamy tajniki eksperymentu oraz jego znaczenie dla nauki i przysz\u0142ych pokole\u0144. Aby lepiej zrozumie\u0107 idee zwi\u0105zane z danym odkryciem naukowym, wsp\u00f3lnie przeprowadzimy tak\u017ce ciekawe do\u015bwiadczenia pomocnicze, a ka\u017cdy uczestnik wyk\u0142adu b\u0119dzie m\u00f3g\u0142 wzi\u0105\u0107 w nich udzia\u0142.<\/p>\n\n\n\n<p>Serdecznie zapraszamy uczni\u00f3w szk\u00f3\u0142 \u015brednich, student\u00f3w wszystkich kierunk\u00f3w studi\u00f3w oraz osoby doros\u0142e na popularnonaukowy cykl wyk\u0142ad\u00f3w z pokazami do\u015bwiadczalnymi pt. \u201eEksperyment na Nobla\u201d. Wyk\u0142ady prowadzi dr hab. Tomasz Kwapi\u0144ski, prof. UMCS.<\/p>\n\n\n\n<p>W programie wyk\u0142ad\u00f3w znajduj\u0105 si\u0119&nbsp;mi\u0119dzy innymi do\u015bwiadczenia dotycz\u0105ce:<\/p>\n\n\n\n<ul class=\"wp-block-list\">\n<li>odkrycia elektronu,<\/li>\n\n\n\n<li>kwantowania \u0142adunku elektrycznego,<\/li>\n\n\n\n<li>efektu fotoelektrycznego,<\/li>\n\n\n\n<li>odkrycia dyskretnych stan\u00f3w atomu,<\/li>\n\n\n\n<li>efektu Halla,<\/li>\n\n\n\n<li>odkrycia promieniotw\u00f3rczo\u015bci.<\/li>\n<\/ul>\n\n\n\n<h5 class=\"wp-block-heading\">Najbli\u017csze wyk\u0142ady w ramach cyklu&nbsp;<em>Eksperymenty na Nobla<\/em>:<\/h5>\n\n\n\n<ul class=\"wp-block-list\">\n<li><strong>29 lutego 2024<\/strong><br><strong><a href=\"https:\/\/archimedes.umcs.pl\/nobel\/program\/\" data-type=\"page\" data-id=\"350\">O falach materii de Broglie&#8217;a &#8211; do\u015bwiadczenie dyfrakcyjne<\/a><\/strong><\/li>\n<\/ul>\n\n\n\n<p><strong>Wst\u0119p wolny<\/strong> bez konieczno\u015bci rejestracji. Opiekun\u00f3w grup zorganizowanych prosimy o wcze\u015bniejszy kontakt z prowadz\u0105cym wyk\u0142ady: tomasz.kwapinski@mail.umcs.pl.<\/p>\n\n\n\n<p><\/p>\n\n\n\n<p><\/p>\n\n\n\n<p><\/p>\n\n\n\n<p><\/p>\n","protected":false},"excerpt":{"rendered":"<p>Czy mo\u017cna w sali wyk\u0142adowej odtworzy\u0107 eksperyment, za kt\u00f3ry przyznano Nagrod\u0119 Nobla? Tak! Zapraszamy do Auli Instytutu Fizyki UMCS w Lublinie, aby wsp\u00f3lnie poeksperymentowa\u0107 i wykona\u0107 do\u015bwiadczenia, kt\u00f3re poszerzy\u0142y wiedz\u0119 ludzko\u015bci, a ich tw\u00f3rcom przynios\u0142y s\u0142aw\u0119. Na spotkaniach przybli\u017cymy sylwetki naukowc\u00f3w i wyja\u015bnimy, jak dosz\u0142o do prze\u0142omowego odkrycia, poznamy tajniki eksperymentu oraz jego znaczenie dla [&hellip;]<\/p>\n","protected":false},"author":1,"featured_media":0,"parent":0,"menu_order":0,"comment_status":"closed","ping_status":"closed","template":"","meta":{"footnotes":""},"class_list":["post-151","page","type-page","status-publish","hentry"],"_links":{"self":[{"href":"https:\/\/archimedes.umcs.pl\/nobel\/wp-json\/wp\/v2\/pages\/151","targetHints":{"allow":["GET"]}}],"collection":[{"href":"https:\/\/archimedes.umcs.pl\/nobel\/wp-json\/wp\/v2\/pages"}],"about":[{"href":"https:\/\/archimedes.umcs.pl\/nobel\/wp-json\/wp\/v2\/types\/page"}],"author":[{"embeddable":true,"href":"https:\/\/archimedes.umcs.pl\/nobel\/wp-json\/wp\/v2\/users\/1"}],"replies":[{"embeddable":true,"href":"https:\/\/archimedes.umcs.pl\/nobel\/wp-json\/wp\/v2\/comments?post=151"}],"version-history":[{"count":78,"href":"https:\/\/archimedes.umcs.pl\/nobel\/wp-json\/wp\/v2\/pages\/151\/revisions"}],"predecessor-version":[{"id":620,"href":"https:\/\/archimedes.umcs.pl\/nobel\/wp-json\/wp\/v2\/pages\/151\/revisions\/620"}],"wp:attachment":[{"href":"https:\/\/archimedes.umcs.pl\/nobel\/wp-json\/wp\/v2\/media?parent=151"}],"curies":[{"name":"wp","href":"https:\/\/api.w.org\/{rel}","templated":true}]}}