{"id":151,"date":"2022-02-25T14:44:17","date_gmt":"2022-02-25T13:44:17","guid":{"rendered":"https:\/\/archimedes.umcs.pl\/piatek\/?page_id=151"},"modified":"2022-10-20T16:39:11","modified_gmt":"2022-10-20T14:39:11","slug":"spotkania-z-fizyka-i-matematyka","status":"publish","type":"page","link":"https:\/\/archimedes.umcs.pl\/piatek\/","title":{"rendered":"Pi\u0105tek z MaFiI-\u0105"},"content":{"rendered":"\n<p>Zapraszamy dzieci i m\u0142odzie\u017c ze szk\u00f3\u0142 podstawowych i \u015brednich na \u201ePi\u0105tek z MaFiI-\u0105&#8221; &#8211; spotkania z nauk\u0105 na Wydziale Matematyki, Fizyki i Informatyki (MFiI) Uniwersytetu Marii Curie-Sk\u0142odowskiej w Lublinie.<\/p>\n\n\n\n<p>W pi\u0105tek, 18 listopada 2022 roku ca\u0142y dzie\u0144 po\u015bwi\u0119cimy na pokazanie jak si\u0119 bawi\u0107 nauk\u0105. Tego dnia, ka\u017cdy uczestnik b\u0119dzie m\u00f3g\u0142 wzi\u0105\u0107 udzia\u0142 w warsztatach z matematyki, fizyki i informatyki, podczas kt\u00f3rych w mi\u0142ej atmosferze zmierzy si\u0119 z tajnikami nauk \u015bcis\u0142ych i b\u0119dzie m\u00f3g\u0142 pozna\u0107 ich sekrety. Pracownicy Wydzia\u0142u Matematyki, Fizyki i Informatyki UMCS oraz cz\u0142onkowie k\u00f3\u0142 naukowych poprowadz\u0105 zaj\u0119cia odpowiednie dla m\u0142odszych i starszych uczni\u00f3w. <\/p>\n\n\n\n<p>Zapraszamy zorganizowane grupy ze szk\u00f3\u0142 podstawowych i \u015brednich. Udzia\u0142 w wydarzeniu jest bezp\u0142atny, ale konieczna jest rejestracja na zaj\u0119cia. <\/p>\n\n\n\n<p>\u201ePi\u0105tek z MaFiI-\u0105&#8221; jest zorganizowany w ramach projektu \u201eUcz si\u0119 z MaFiI-\u0105 2&#8243; finansowanego w programie MEiN \u201eSpo\u0142eczna odpowiedzialno\u015b\u0107 nauki&#8221; modu\u0142 \u201ePopularyzacja nauki i promocja sportu&#8221;.<\/p>\n\n\n\n<p><\/p>\n\n\n\n<p><\/p>\n\n\n\n<p><\/p>\n","protected":false},"excerpt":{"rendered":"<p>Zapraszamy dzieci i m\u0142odzie\u017c ze szk\u00f3\u0142 podstawowych i \u015brednich na \u201ePi\u0105tek z MaFiI-\u0105&#8221; &#8211; spotkania z nauk\u0105 na Wydziale Matematyki, Fizyki i Informatyki (MFiI) Uniwersytetu Marii Curie-Sk\u0142odowskiej w Lublinie. W pi\u0105tek, 18 listopada 2022 roku ca\u0142y dzie\u0144 po\u015bwi\u0119cimy na pokazanie jak si\u0119 bawi\u0107 nauk\u0105. Tego dnia, ka\u017cdy uczestnik b\u0119dzie m\u00f3g\u0142 wzi\u0105\u0107 udzia\u0142 w warsztatach z [&hellip;]<\/p>\n","protected":false},"author":1,"featured_media":0,"parent":0,"menu_order":0,"comment_status":"closed","ping_status":"closed","template":"","meta":{"footnotes":""},"class_list":["post-151","page","type-page","status-publish","hentry"],"_links":{"self":[{"href":"https:\/\/archimedes.umcs.pl\/piatek\/wp-json\/wp\/v2\/pages\/151","targetHints":{"allow":["GET"]}}],"collection":[{"href":"https:\/\/archimedes.umcs.pl\/piatek\/wp-json\/wp\/v2\/pages"}],"about":[{"href":"https:\/\/archimedes.umcs.pl\/piatek\/wp-json\/wp\/v2\/types\/page"}],"author":[{"embeddable":true,"href":"https:\/\/archimedes.umcs.pl\/piatek\/wp-json\/wp\/v2\/users\/1"}],"replies":[{"embeddable":true,"href":"https:\/\/archimedes.umcs.pl\/piatek\/wp-json\/wp\/v2\/comments?post=151"}],"version-history":[{"count":58,"href":"https:\/\/archimedes.umcs.pl\/piatek\/wp-json\/wp\/v2\/pages\/151\/revisions"}],"predecessor-version":[{"id":403,"href":"https:\/\/archimedes.umcs.pl\/piatek\/wp-json\/wp\/v2\/pages\/151\/revisions\/403"}],"wp:attachment":[{"href":"https:\/\/archimedes.umcs.pl\/piatek\/wp-json\/wp\/v2\/media?parent=151"}],"curies":[{"name":"wp","href":"https:\/\/api.w.org\/{rel}","templated":true}]}}