{"id":350,"date":"2022-10-19T20:32:42","date_gmt":"2022-10-19T18:32:42","guid":{"rendered":"https:\/\/archimedes.umcs.pl\/piatek\/?page_id=350"},"modified":"2022-11-16T09:02:26","modified_gmt":"2022-11-16T08:02:26","slug":"program","status":"publish","type":"page","link":"https:\/\/archimedes.umcs.pl\/piatek\/program\/","title":{"rendered":"Program i rejestracja"},"content":{"rendered":"\n<p>Rejestracja na zaj\u0119cia zosta\u0142a zako\u0144czona.<\/p>\n\n\n\n<p><strong>Uwaga!<\/strong> Zmieniono miejsca niekt\u00f3rych zaj\u0119\u0107. Wszystkie grupy prosimy o przybycie do budynku D (Informatyka), wej\u015bcie od pl. M. Curie-Sk\u0142odowskiej.<\/p>\n\n\n\n<p id=\"block-610555ee-fa93-4e8a-bf43-63e75bf4c6bb\"><strong>9.00 \u2013 10.00<\/strong><\/p>\n\n\n\n<ol class=\"wp-block-list\">\n<li>\u201eMatematyka na weso\u0142o\u201d, klasy 1 \u2013 3, sala A233 <\/li>\n\n\n\n<li>\u201eLEGO Mindstorm\u201d, klasy 7 \u2013 8, LO, sala A240 <\/li>\n\n\n\n<li>\u201eObwody elektryczne \u2013 zbuduj to sam\u201d, klasy 4 \u2013 6, sala C159 <\/li>\n\n\n\n<li>\u201eCzy 2 doda\u0107 2 musi by\u0107 4?\u201d, LO, sala <s>A223<\/s> <strong>D332<\/strong><\/li>\n<\/ol>\n\n\n\n<p id=\"block-5d9b3b63-99bf-42c1-9daa-e6ec8506151f\"><strong>10.00 \u2013 11.00<\/strong><\/p>\n\n\n\n<ol class=\"wp-block-list\" start=\"5\">\n<li>\u201eRuszamy z Ozobotami\u201d, klasy 1 \u2013 3, sala A240 <\/li>\n\n\n\n<li>\u201eMagia Fizyki\u201d, klasy 4 \u2013 6, 7 \u2013 8, LO, sala C151 <\/li>\n\n\n\n<li>\u201eCzekoladki kontra Bingo!\u201d, klasy 4 \u2013 6, sala A223 <\/li>\n<\/ol>\n\n\n\n<p id=\"block-0f8b6ed5-8456-467d-b486-7e56aaf09f4c\"><strong>11.00 \u2013 12.00<\/strong><\/p>\n\n\n\n<ol class=\"wp-block-list\" start=\"8\">\n<li>\u201eZobaczy\u0107 wi\u0119cej \u2013 optyka i mikro\u015bwiat\u201d, klasy 1 \u2013 3, sala B10 <\/li>\n\n\n\n<li>\u201eKo\u015bci w rachunku prawdopodobie\u0144stwa\u201d, klasy 7 \u2013 8, sala A223 <\/li>\n\n\n\n<li>\u201eNakarm rekinka ze Scratchem\u201d, klasy 4 \u2013 6, sala <s>A240<\/s> <strong>A245<\/strong> <\/li>\n\n\n\n<li>\u201eLEGO Mindstorm\u201d, klasy 7 \u2013 8, LO, sala <s>A245<\/s> <strong>A240<\/strong><\/li>\n\n\n\n<li>\u201eMagia Fizyki\u201d, klasy 4 \u2013 6, 7 \u2013 8, LO, sala C151 \n<ul class=\"wp-block-list\">\n<li><\/li>\n<\/ul>\n<\/li>\n<\/ol>\n\n\n\n<ol class=\"wp-block-list\" start=\"17\">\n<li>\u201eCo zbudowa\u0107 z tr\u00f3jk\u0105t\u00f3w i czworok\u0105t\u00f3w?\u201d, klasy 4 \u2013 6, sala A233<\/li>\n\n\n\n<li>\u201eCzy 2 doda\u0107 2 musi by\u0107 4?\u201d, LO, sala D332<\/li>\n<\/ol>\n\n\n\n<p id=\"block-2db16d61-8102-4194-bfe9-981affe35064\"><strong>12.00 \u2013 13.00<\/strong><\/p>\n\n\n\n<ol class=\"wp-block-list\" start=\"13\">\n<li>\u201eObwody elektryczne \u2013 zbuduj to sam\u201d, klasy 4 \u2013 6 7 &#8211; 8, sala C159 <\/li>\n\n\n\n<li>\u201eCo zbudowa\u0107 z tr\u00f3jk\u0105t\u00f3w i czworok\u0105t\u00f3w?\u201d, klasy 4 \u2013 6, sala 233 <\/li>\n\n\n\n<li>\u201eNakarm rekinka ze Scratchem\u201d, klasy 4 \u2013 6, sala <s>A240<\/s> <strong>A233<\/strong><\/li>\n\n\n\n<li>\u201eLemat Burnside\u2019a \u2013 czyli jak za zas\u0142ona matematyki odkrywa\u0107 tajniki codziennego \u017cycia\u201d, LO, sala <s>A237<\/s> <strong>D332<\/strong><\/li>\n<\/ol>\n","protected":false},"excerpt":{"rendered":"<p>Rejestracja na zaj\u0119cia zosta\u0142a zako\u0144czona. Uwaga! Zmieniono miejsca niekt\u00f3rych zaj\u0119\u0107. Wszystkie grupy prosimy o przybycie do budynku D (Informatyka), wej\u015bcie od pl. M. Curie-Sk\u0142odowskiej. 9.00 \u2013 10.00 10.00 \u2013 11.00 11.00 \u2013 12.00 12.00 \u2013 13.00<\/p>\n","protected":false},"author":1,"featured_media":0,"parent":0,"menu_order":0,"comment_status":"closed","ping_status":"closed","template":"","meta":{"footnotes":""},"class_list":["post-350","page","type-page","status-publish","hentry"],"_links":{"self":[{"href":"https:\/\/archimedes.umcs.pl\/piatek\/wp-json\/wp\/v2\/pages\/350","targetHints":{"allow":["GET"]}}],"collection":[{"href":"https:\/\/archimedes.umcs.pl\/piatek\/wp-json\/wp\/v2\/pages"}],"about":[{"href":"https:\/\/archimedes.umcs.pl\/piatek\/wp-json\/wp\/v2\/types\/page"}],"author":[{"embeddable":true,"href":"https:\/\/archimedes.umcs.pl\/piatek\/wp-json\/wp\/v2\/users\/1"}],"replies":[{"embeddable":true,"href":"https:\/\/archimedes.umcs.pl\/piatek\/wp-json\/wp\/v2\/comments?post=350"}],"version-history":[{"count":21,"href":"https:\/\/archimedes.umcs.pl\/piatek\/wp-json\/wp\/v2\/pages\/350\/revisions"}],"predecessor-version":[{"id":457,"href":"https:\/\/archimedes.umcs.pl\/piatek\/wp-json\/wp\/v2\/pages\/350\/revisions\/457"}],"wp:attachment":[{"href":"https:\/\/archimedes.umcs.pl\/piatek\/wp-json\/wp\/v2\/media?parent=350"}],"curies":[{"name":"wp","href":"https:\/\/api.w.org\/{rel}","templated":true}]}}