{"id":12,"date":"2022-02-18T16:55:31","date_gmt":"2022-02-18T15:55:31","guid":{"rendered":"https:\/\/archimedes.umcs.pl\/test1\/?page_id=12"},"modified":"2024-01-14T17:01:55","modified_gmt":"2024-01-14T16:01:55","slug":"rejestracja","status":"publish","type":"page","link":"https:\/\/archimedes.umcs.pl\/pogotowie-stacjonarne-2024\/rejestracja\/","title":{"rendered":"Rejestracja"},"content":{"rendered":"\n<p>Formularz rejestracyjny Pogotowie Przedmaturalne z Fizyki &#8211; forma stacjonarna.<\/p>\n\n\n\n<p><\/p>\n\n\n\n<p><strong>Rejestracja rozpocznie si\u0119 w \u015brod\u0119 17 stycznia 2024 o godzinie 9.00.<\/strong> <\/p>\n\n\n\n<blockquote class=\"wp-block-quote is-layout-flow wp-block-quote-is-layout-flow\">\n<p><strong>Uwaga!<\/strong><\/p>\n\n\n\n<p>Zaj\u0119cia b\u0119d\u0105 si\u0119 odbywa\u0107 w Instytucie Fizyki UMCS w Lublinie w dniach 5-9 lutego 2024.<\/p>\n\n\n\n<p>Je\u015bli jeste\u015b zainteresowany <strong>form\u0105 zdaln\u0105<\/strong> Pogotowia Przedmaturalnego z Fizyki <a href=\"https:\/\/archimedes.umcs.pl\/pogotowie-zdalne\/\" data-type=\"page\" data-id=\"151\">kliknij tutaj<\/a>. <\/p>\n<\/blockquote>\n\n\n\n<blockquote class=\"wp-block-quote is-layout-flow wp-block-quote-is-layout-flow\">\n<p><strong>Uwaga<\/strong>!<\/p>\n\n\n\n<p>Niekt\u00f3re skrzynki pocztowe traktuj\u0105 maile od nas jako spam i nie przyjmuj\u0105 niekt\u00f3rych wiadomo\u015bci. Nie trafiaj\u0105 one nawet do folderu spam tylko s\u0105 usuwane. Je\u015bli nie otrzymali\u015bcie od nas spodziewanej wiadomo\u015bci prosimy o kontakt mailowy.<\/p>\n<\/blockquote>\n\n\n<div id='ff_form_30' class='ff_form_not_render'>Rejestracja zosta\u0142a zako\u0144czona<\/div>\n","protected":false},"excerpt":{"rendered":"<p>Formularz rejestracyjny Pogotowie Przedmaturalne z Fizyki &#8211; forma stacjonarna. Rejestracja rozpocznie si\u0119 w \u015brod\u0119 17 stycznia 2024 o godzinie 9.00. Uwaga! Zaj\u0119cia b\u0119d\u0105 si\u0119 odbywa\u0107 w Instytucie Fizyki UMCS w Lublinie w dniach 5-9 lutego 2024. Je\u015bli jeste\u015b zainteresowany form\u0105 zdaln\u0105 Pogotowia Przedmaturalnego z Fizyki kliknij tutaj. Uwaga! Niekt\u00f3re skrzynki pocztowe traktuj\u0105 maile od nas [&hellip;]<\/p>\n","protected":false},"author":1,"featured_media":0,"parent":0,"menu_order":0,"comment_status":"closed","ping_status":"closed","template":"","meta":{"footnotes":""},"class_list":["post-12","page","type-page","status-publish","hentry"],"_links":{"self":[{"href":"https:\/\/archimedes.umcs.pl\/pogotowie-stacjonarne-2024\/wp-json\/wp\/v2\/pages\/12","targetHints":{"allow":["GET"]}}],"collection":[{"href":"https:\/\/archimedes.umcs.pl\/pogotowie-stacjonarne-2024\/wp-json\/wp\/v2\/pages"}],"about":[{"href":"https:\/\/archimedes.umcs.pl\/pogotowie-stacjonarne-2024\/wp-json\/wp\/v2\/types\/page"}],"author":[{"embeddable":true,"href":"https:\/\/archimedes.umcs.pl\/pogotowie-stacjonarne-2024\/wp-json\/wp\/v2\/users\/1"}],"replies":[{"embeddable":true,"href":"https:\/\/archimedes.umcs.pl\/pogotowie-stacjonarne-2024\/wp-json\/wp\/v2\/comments?post=12"}],"version-history":[{"count":22,"href":"https:\/\/archimedes.umcs.pl\/pogotowie-stacjonarne-2024\/wp-json\/wp\/v2\/pages\/12\/revisions"}],"predecessor-version":[{"id":567,"href":"https:\/\/archimedes.umcs.pl\/pogotowie-stacjonarne-2024\/wp-json\/wp\/v2\/pages\/12\/revisions\/567"}],"wp:attachment":[{"href":"https:\/\/archimedes.umcs.pl\/pogotowie-stacjonarne-2024\/wp-json\/wp\/v2\/media?parent=12"}],"curies":[{"name":"wp","href":"https:\/\/api.w.org\/{rel}","templated":true}]}}