{"id":350,"date":"2022-10-19T20:32:42","date_gmt":"2022-10-19T18:32:42","guid":{"rendered":"https:\/\/archimedes.umcs.pl\/pogotowie-stacjonarne-2024\/?page_id=350"},"modified":"2024-01-05T12:36:17","modified_gmt":"2024-01-05T11:36:17","slug":"program","status":"publish","type":"page","link":"https:\/\/archimedes.umcs.pl\/pogotowie-stacjonarne-2024\/program\/","title":{"rendered":"Program"},"content":{"rendered":"\n<p>Kurs odb\u0119dzie si\u0119 w formie stacjonarnej w Instytucie Fizyki UMCS w Lublinie przy ul. Radziszewakiego 10. Planujemy cykl 5 spotka\u0144 trwaj\u0105cych po oko\u0142o 5 godzin ka\u017cde (5 godzin lekcyjnych), podzielonych na trzy cz\u0119\u015bci. Zaj\u0119cia b\u0119d\u0105 odbywa\u0107 si\u0119 w pierwszym tygodniu ferii w wojew\u00f3dztwie lubelskim w dniach 5-9 lutego 2024. Spotkania podzielili\u015bmy na bloki po\u015bwi\u0119cone poszczeg\u00f3lnym dzia\u0142om fizyki wymaganym na maturze.  Uczniowie b\u0119d\u0105 mogli skorzysta\u0107 z dodatkowych konsultacji na grupie facebooka: <a href=\"https:\/\/www.facebook.com\/pogotowieprzedmaturalne\" target=\"_blank\" rel=\"noreferrer noopener\">https:\/\/www.facebook.com\/pogotowieprzedmaturalne<\/a>.<\/p>\n\n\n\n<p>Harmonogram:<\/p>\n\n\n\n<ul class=\"wp-block-list\">\n<li>&nbsp;9.00-10.45 wyk\u0142ad na auli<\/li>\n\n\n\n<li>11.00-13.30 \u0107wiczenia w grupach<\/li>\n\n\n\n<li>13.30-14.00 zwiedzanie pracowni naukowych i studenckich<\/li>\n<\/ul>\n\n\n\n<figure class=\"wp-block-table\"><table><tbody><tr><td><\/td><td><\/td><td>Wyk\u0142ad<\/td><\/tr><tr><td>1<\/td><td><\/td><td>Elektryczno\u015b\u0107 i magnetyzm<\/td><\/tr><tr><td>2<\/td><td><\/td><td>Termodynamika i hydrostatyka<\/td><\/tr><tr><td>3<\/td><td><\/td><td>Energia i grawitacja &nbsp;<\/td><\/tr><tr><td>4<\/td><td><\/td><td>Mechanika<\/td><\/tr><tr><td>5<\/td><td><\/td><td>Fizyka atomowa i j\u0105drowa&nbsp;<\/td><\/tr><\/tbody><\/table><\/figure>\n\n\n\n<p>Tematyka \u0107wicze\u0144 w grupach:<\/p>\n\n\n\n<ul class=\"wp-block-list\">\n<li>Optyka<\/li>\n\n\n\n<li>Dynamika bry\u0142y sztywnej <\/li>\n\n\n\n<li>Elektryczno\u015b\u0107 i magnetyzm <\/li>\n\n\n\n<li>Termodynamika i hydrostatyka <\/li>\n\n\n\n<li>Do\u015bwiadczenia z optyki i obwod\u00f3w elektrycznych<\/li>\n<\/ul>\n\n\n\n<p>Tematy realizowane na poszczeg\u00f3lnych zaj\u0119ciach mog\u0105 ulec zmianie.<\/p>\n\n\n\n<p>Po\u0142o\u017cenie Instytutu Fizyki UMCS w Lublinie:<\/p>\n\n\n\n<div class=\"mapouter\"><div class=\"gmap_canvas\"><iframe loading=\"lazy\" id=\"gmap_canvas\" src=\"https:\/\/maps.google.com\/maps?q=umcs%20wydzia%C5%82%20mate&amp;t=&amp;z=17&amp;ie=UTF8&amp;iwloc=&amp;output=embed\" scrolling=\"no\" marginheight=\"0\" marginwidth=\"0\" width=\"600\" height=\"500\" frameborder=\"0\"><\/iframe><a href=\"https:\/\/putlocker-is.org\"><\/a><br><style>.mapouter{position:relative;text-align:right;height:500px;width:600px;}<\/style><a href=\"https:\/\/www.embedgooglemap.net\">google map on web site<\/a><style>.gmap_canvas {overflow:hidden;background:none!important;height:500px;width:600px;}<\/style><\/div><\/div>\n","protected":false},"excerpt":{"rendered":"<p>Kurs odb\u0119dzie si\u0119 w formie stacjonarnej w Instytucie Fizyki UMCS w Lublinie przy ul. Radziszewakiego 10. Planujemy cykl 5 spotka\u0144 trwaj\u0105cych po oko\u0142o 5 godzin ka\u017cde (5 godzin lekcyjnych), podzielonych na trzy cz\u0119\u015bci. Zaj\u0119cia b\u0119d\u0105 odbywa\u0107 si\u0119 w pierwszym tygodniu ferii w wojew\u00f3dztwie lubelskim w dniach 5-9 lutego 2024. Spotkania podzielili\u015bmy na bloki po\u015bwi\u0119cone poszczeg\u00f3lnym [&hellip;]<\/p>\n","protected":false},"author":1,"featured_media":0,"parent":0,"menu_order":0,"comment_status":"closed","ping_status":"closed","template":"","meta":{"footnotes":""},"class_list":["post-350","page","type-page","status-publish","hentry"],"_links":{"self":[{"href":"https:\/\/archimedes.umcs.pl\/pogotowie-stacjonarne-2024\/wp-json\/wp\/v2\/pages\/350","targetHints":{"allow":["GET"]}}],"collection":[{"href":"https:\/\/archimedes.umcs.pl\/pogotowie-stacjonarne-2024\/wp-json\/wp\/v2\/pages"}],"about":[{"href":"https:\/\/archimedes.umcs.pl\/pogotowie-stacjonarne-2024\/wp-json\/wp\/v2\/types\/page"}],"author":[{"embeddable":true,"href":"https:\/\/archimedes.umcs.pl\/pogotowie-stacjonarne-2024\/wp-json\/wp\/v2\/users\/1"}],"replies":[{"embeddable":true,"href":"https:\/\/archimedes.umcs.pl\/pogotowie-stacjonarne-2024\/wp-json\/wp\/v2\/comments?post=350"}],"version-history":[{"count":31,"href":"https:\/\/archimedes.umcs.pl\/pogotowie-stacjonarne-2024\/wp-json\/wp\/v2\/pages\/350\/revisions"}],"predecessor-version":[{"id":558,"href":"https:\/\/archimedes.umcs.pl\/pogotowie-stacjonarne-2024\/wp-json\/wp\/v2\/pages\/350\/revisions\/558"}],"wp:attachment":[{"href":"https:\/\/archimedes.umcs.pl\/pogotowie-stacjonarne-2024\/wp-json\/wp\/v2\/media?parent=350"}],"curies":[{"name":"wp","href":"https:\/\/api.w.org\/{rel}","templated":true}]}}