{"id":151,"date":"2022-02-25T14:44:17","date_gmt":"2022-02-25T13:44:17","guid":{"rendered":"https:\/\/archimedes.umcs.pl\/pogotowie-stacjonarne-2025\/?page_id=151"},"modified":"2025-02-04T22:11:06","modified_gmt":"2025-02-04T21:11:06","slug":"spotkania-z-fizyka-i-matematyka","status":"publish","type":"page","link":"https:\/\/archimedes.umcs.pl\/pogotowie-stacjonarne-2025\/","title":{"rendered":"Pogotowie Przedmaturalne z Fizyki &#8211; forma stacjonarna"},"content":{"rendered":"\n<p class=\"has-text-align-center\"><strong>Edycja 2025<\/strong><\/p>\n\n\n\n<figure class=\"wp-block-image size-large\"><img loading=\"lazy\" decoding=\"async\" width=\"1024\" height=\"342\" src=\"https:\/\/archimedes.umcs.pl\/pogotowie-stacjonarne-2025\/wp-content\/uploads\/sites\/36\/2022\/12\/PPF_logo-1024x342.jpg\" alt=\"\" class=\"wp-image-505\" srcset=\"https:\/\/archimedes.umcs.pl\/pogotowie-stacjonarne-2025\/wp-content\/uploads\/sites\/36\/2022\/12\/PPF_logo-1024x342.jpg 1024w, https:\/\/archimedes.umcs.pl\/pogotowie-stacjonarne-2025\/wp-content\/uploads\/sites\/36\/2022\/12\/PPF_logo-300x100.jpg 300w, https:\/\/archimedes.umcs.pl\/pogotowie-stacjonarne-2025\/wp-content\/uploads\/sites\/36\/2022\/12\/PPF_logo-768x256.jpg 768w, https:\/\/archimedes.umcs.pl\/pogotowie-stacjonarne-2025\/wp-content\/uploads\/sites\/36\/2022\/12\/PPF_logo-1536x513.jpg 1536w, https:\/\/archimedes.umcs.pl\/pogotowie-stacjonarne-2025\/wp-content\/uploads\/sites\/36\/2022\/12\/PPF_logo-2048x683.jpg 2048w\" sizes=\"auto, (max-width: 1024px) 100vw, 1024px\" \/><\/figure>\n\n\n\n<p>Jak co roku Instytut Fizyki Uniwersytetu Marii Curie-Sk\u0142odowskiej w Lublinie  organizuje cykl bezp\u0142atnych zaj\u0119\u0107 dla maturzyst\u00f3w.<\/p>\n\n\n\n<p>Pogotowie Przedmaturalne z Fizyki to kr\u00f3tki kurs przygotowuj\u0105cy do egzaminu dojrza\u0142o\u015bci z fizyki na poziomie rozszerzonym. Chcemy usystematyzowa\u0107 wiedz\u0119 uczni\u00f3w, zwr\u00f3ci\u0107 uwag\u0119 na najwa\u017cniejsze zagadnienia wymagane na egzaminie i uzupe\u0142ni\u0107 ewentualne braki. Zakres tematyczny zaj\u0119\u0107 pokrywa si\u0119 w ca\u0142o\u015bci z wymaganiami maturalnymi, ale na tak kr\u00f3tkim kursie nie om\u00f3wimy wszystkich problem\u00f3w mog\u0105cych pojawi\u0107 si\u0119 na maturze. Pogotowie nie zast\u0105pi systematycznej nauki, ale wspomo\u017ce nauk\u0119 prowadzon\u0105 w szkole \u015bredniej.<\/p>\n\n\n\n<p>Zapraszamy do udzia\u0142u w kursie, kt\u00f3ry odb\u0119dzie si\u0119 w Instytucie Fizyki UMCS w Lublinie w formie wyk\u0142ad\u00f3w z pokazami, \u0107wicze\u0144 rachunkowych i zaj\u0119\u0107 do\u015bwiadczalnych. Planujemy cykl <strong>5 spotka\u0144 trwaj\u0105cych oko\u0142o 5 godzin<\/strong> ka\u017cde w pierwszym tygodniu ferii w Wojew\u00f3dztwie Lubelskim w dniach <strong>17-21 lutego 202<\/strong>5. Ka\u017cdy wyk\u0142ad i \u0107wiczenia b\u0119dzie po\u015bwi\u0119cony poszczeg\u00f3lnym dzia\u0142om fizyki wymaganym na maturze.<\/p>\n\n\n\n<p>Udzia\u0142 w kursie jest ca\u0142kowicie <strong>bezp\u0142atny<\/strong>, jednak wymagana jest rejestracja.  Dla uczestnik\u00f3w kursu, kt\u00f3rzy dodatkowo polubi\u0105 fanpage:&nbsp;<a href=\"https:\/\/www.facebook.com\/pogotowieprzedmaturalne\">www.facebook.com\/pogotowieprzedmaturalne<\/a>&nbsp;&nbsp;zostanie utworzona zamkni\u0119ta grupa, na kt\u00f3rej udost\u0119pniane b\u0119d\u0105 materia\u0142y z zaj\u0119\u0107. Jest to te\u017c przestrze\u0144, w kt\u00f3rej uczniowie b\u0119d\u0105 mogli zadawa\u0107 pytania i skorzysta\u0107 z dodatkowych konsultacji.<\/p>\n\n\n\n<p>Zapisy na Pogotowie Przedmaturalne z Fizyki b\u0119d\u0105 dost\u0119pne przez <a href=\"https:\/\/archimedes.umcs.pl\/pogotowie-stacjonarne-2025\/rejestracja\/\">formularz rejestracyjny<\/a>. O przyj\u0119ciu na kurs decyduje kolejno\u015b\u0107 zg\u0142osze\u0144.<\/p>\n\n\n\n<p>Pogotowie Przedmaturalne z Fizyki &#8211; forma stacjonarna jest organizowane przez Instytut Fizyki UMCS w Lublinie we wsp\u00f3\u0142pracy ze stowarzyszeniem Lubelskie Towarzystwo Edukacyjno-Naukowe LuTEN i Oddzia\u0142em Lubelskim Polskiego Towarzystwa Fizycznego.<\/p>\n\n\n\n<p><strong>Uwaga!<\/strong><\/p>\n\n\n\n<p>W tym roku nie organizujemy zaj\u0119\u0107 zdalnych.<\/p>\n\n\n\n<p><\/p>\n","protected":false},"excerpt":{"rendered":"<p>Edycja 2025 Jak co roku Instytut Fizyki Uniwersytetu Marii Curie-Sk\u0142odowskiej w Lublinie organizuje cykl bezp\u0142atnych zaj\u0119\u0107 dla maturzyst\u00f3w. Pogotowie Przedmaturalne z Fizyki to kr\u00f3tki kurs przygotowuj\u0105cy do egzaminu dojrza\u0142o\u015bci z fizyki na poziomie rozszerzonym. Chcemy usystematyzowa\u0107 wiedz\u0119 uczni\u00f3w, zwr\u00f3ci\u0107 uwag\u0119 na najwa\u017cniejsze zagadnienia wymagane na egzaminie i uzupe\u0142ni\u0107 ewentualne braki. Zakres tematyczny zaj\u0119\u0107 pokrywa si\u0119 [&hellip;]<\/p>\n","protected":false},"author":1,"featured_media":0,"parent":0,"menu_order":0,"comment_status":"closed","ping_status":"closed","template":"","meta":{"footnotes":""},"class_list":["post-151","page","type-page","status-publish","hentry"],"_links":{"self":[{"href":"https:\/\/archimedes.umcs.pl\/pogotowie-stacjonarne-2025\/wp-json\/wp\/v2\/pages\/151","targetHints":{"allow":["GET"]}}],"collection":[{"href":"https:\/\/archimedes.umcs.pl\/pogotowie-stacjonarne-2025\/wp-json\/wp\/v2\/pages"}],"about":[{"href":"https:\/\/archimedes.umcs.pl\/pogotowie-stacjonarne-2025\/wp-json\/wp\/v2\/types\/page"}],"author":[{"embeddable":true,"href":"https:\/\/archimedes.umcs.pl\/pogotowie-stacjonarne-2025\/wp-json\/wp\/v2\/users\/1"}],"replies":[{"embeddable":true,"href":"https:\/\/archimedes.umcs.pl\/pogotowie-stacjonarne-2025\/wp-json\/wp\/v2\/comments?post=151"}],"version-history":[{"count":88,"href":"https:\/\/archimedes.umcs.pl\/pogotowie-stacjonarne-2025\/wp-json\/wp\/v2\/pages\/151\/revisions"}],"predecessor-version":[{"id":577,"href":"https:\/\/archimedes.umcs.pl\/pogotowie-stacjonarne-2025\/wp-json\/wp\/v2\/pages\/151\/revisions\/577"}],"wp:attachment":[{"href":"https:\/\/archimedes.umcs.pl\/pogotowie-stacjonarne-2025\/wp-json\/wp\/v2\/media?parent=151"}],"curies":[{"name":"wp","href":"https:\/\/api.w.org\/{rel}","templated":true}]}}