{"id":151,"date":"2022-02-25T14:44:17","date_gmt":"2022-02-25T13:44:17","guid":{"rendered":"https:\/\/archimedes.umcs.pl\/pogotowie-zdalne-2023\/?page_id=151"},"modified":"2023-02-02T12:30:16","modified_gmt":"2023-02-02T11:30:16","slug":"spotkania-z-fizyka-i-matematyka","status":"publish","type":"page","link":"https:\/\/archimedes.umcs.pl\/pogotowie-zdalne-2023\/","title":{"rendered":"Pogotowie Przedmaturalne z Fizyki &#8211; forma zdalna"},"content":{"rendered":"\n<p><\/p>\n\n\n\n<figure class=\"wp-block-image size-large\"><img loading=\"lazy\" decoding=\"async\" width=\"1024\" height=\"342\" src=\"https:\/\/archimedes.umcs.pl\/pogotowie-zdalne-2023\/wp-content\/uploads\/sites\/28\/2022\/12\/PPF_logo-1024x342.jpg\" alt=\"\" class=\"wp-image-505\" srcset=\"https:\/\/archimedes.umcs.pl\/pogotowie-zdalne-2023\/wp-content\/uploads\/sites\/28\/2022\/12\/PPF_logo-1024x342.jpg 1024w, https:\/\/archimedes.umcs.pl\/pogotowie-zdalne-2023\/wp-content\/uploads\/sites\/28\/2022\/12\/PPF_logo-300x100.jpg 300w, https:\/\/archimedes.umcs.pl\/pogotowie-zdalne-2023\/wp-content\/uploads\/sites\/28\/2022\/12\/PPF_logo-768x256.jpg 768w, https:\/\/archimedes.umcs.pl\/pogotowie-zdalne-2023\/wp-content\/uploads\/sites\/28\/2022\/12\/PPF_logo-1536x513.jpg 1536w, https:\/\/archimedes.umcs.pl\/pogotowie-zdalne-2023\/wp-content\/uploads\/sites\/28\/2022\/12\/PPF_logo-2048x683.jpg 2048w\" sizes=\"auto, (max-width: 1024px) 100vw, 1024px\" \/><\/figure>\n\n\n\n<blockquote class=\"wp-block-quote is-layout-flow wp-block-quote-is-layout-flow\">\n<p><strong>Uwaga!<\/strong> <\/p>\n\n\n\n<p>Na najbli\u017csze spotkanie przyj\u0119li\u015bmy <strong>wszsytkich<\/strong> z listy rezerwowej.<br>Prosimy o sprawdzenie skrzynki pocztowej. Je\u015bli mail z linkiem do spotkania nie dotar\u0142, prosimy o kontakt z organizatorami.<br><\/p>\n<\/blockquote>\n\n\n\n<p>Jak co roku Instytut Fizyki Uniwersytetu Marii Curie-Sk\u0142odowskiej w Lublinie  organizuje cykl bezp\u0142atnych zaj\u0119\u0107 dla maturzyst\u00f3w.<\/p>\n\n\n\n<p>Pogotowie Przedmaturalne z Fizyki to kr\u00f3tki kurs przygotowuj\u0105cy do egzaminu dojrza\u0142o\u015bci z fizyki na poziomie rozszerzonym. Chcemy usystematyzowa\u0107 wiedz\u0119 uczni\u00f3w, zwr\u00f3ci\u0107 uwag\u0119 na najwa\u017cniejsze zagadnienia wymagane na egzaminie i uzupe\u0142ni\u0107 ewentualne braki. Zakres tematyczny zaj\u0119\u0107 pokrywa si\u0119 w ca\u0142o\u015bci z wymaganiami maturalnymi, ale na tak kr\u00f3tkim kursie nie om\u00f3wimy wszystkich problem\u00f3w mog\u0105cych pojawi\u0107 si\u0119 na maturze. Pogotowie nie zast\u0105pi systematycznej nauki, ale wspomo\u017ce nauk\u0119 prowadzon\u0105 w szkole \u015bredniej.<\/p>\n\n\n\n<p>Zapraszamy do udzia\u0142u w zdalnym kursie, kt\u00f3ry odb\u0119dzie si\u0119 na platformie MS Teams. Planujemy cykl <strong>10 spotka\u0144 trwaj\u0105cych po oko\u0142o 2,5 godziny<\/strong> ka\u017cde, podzielonych na dwie cz\u0119\u015bci. Zaj\u0119cia b\u0119d\u0105 odbywa\u0107 si\u0119 w kolejne soboty pocz\u0105wszy od <strong>21 stycznia 2023<\/strong>. Spotkania podzielili\u015bmy na bloki po\u015bwi\u0119cone poszczeg\u00f3lnym dzia\u0142om fizyki wymaganym na maturze.<\/p>\n\n\n\n<p>Udzia\u0142 w kursie jest ca\u0142kowicie <strong>bezp\u0142atny<\/strong>, jednak wymagana jest rejestracja. Dla uczestnik\u00f3w kursu, kt\u00f3rzy dodatkowo polubi\u0105 fanpage:&nbsp;<a href=\"https:\/\/www.facebook.com\/pogotowieprzedmaturalne\">www.facebook.com\/pogotowieprzedmaturalne<\/a>&nbsp;&nbsp;zostanie utworzona zamkni\u0119ta grupa, na kt\u00f3rej udost\u0119pniane b\u0119d\u0105 materia\u0142y z zaj\u0119\u0107. Jest to te\u017c przestrze\u0144, w kt\u00f3rej uczniowie b\u0119d\u0105 mogli zadawa\u0107 pytania i skorzysta\u0107 z dodatkowych konsultacji.<\/p>\n\n\n\n<p>Zapisy na Pogotowie Przedmaturalne z Fizyki i szczeg\u00f3\u0142owe informacje s\u0105 dost\u0119pne na stronie <a href=\"https:\/\/www.umcs.pl\/pl\/pogotowieprzedmaturalne.htm\">www.umcs.pl\/pl\/pogotowieprzedmaturalne.htm <\/a>oraz <a href=\"https:\/\/archimedes.umcs.pl\/\">archimedes.umcs.pl<\/a>.&nbsp;<strong>Rejestracja rozpocznie si\u0119 w czwartek 5 stycznia o godzinie 8.00.<\/strong> Liczba miejsc ograniczona! O przyj\u0119ciu na kurs decyduje kolejno\u015b\u0107 zg\u0142osze\u0144. <\/p>\n\n\n\n<p>Pogotowie Przedmaturalne z Fizyki &#8211; forma zdalna jest dofinasowane z Bud\u017cetu Pa\u0144stwa w ramach programu <em>\u201e<\/em>Spo\u0142eczna odpowiedzialno\u015b\u0107 nauki &#8211; Popularyzacja nauki i promocja sportu<em>\u201d<\/em> z grantu SONP\/SP\/548749\/2022 <em>\u201e<\/em>Ucz si\u0119 z MaFiI-\u0105 3<em>\u201d<\/em>.<\/p>\n\n\n\n<p><strong>Uwaga!<\/strong><\/p>\n\n\n\n<p>Je\u015bli jeste\u015b zainteresowany <strong>form\u0105 stacjonarn\u0105<\/strong> Pogotowia Przedmaturalnego z Fizyki w Instytucie Fizyki UMCS w Lublinie <a href=\"https:\/\/archimedes.umcs.pl\/pogotowie-stacjonarne\/\">kliknij tutaj<\/a>.<\/p>\n\n\n\n<p><\/p>\n","protected":false},"excerpt":{"rendered":"<p>Uwaga! Na najbli\u017csze spotkanie przyj\u0119li\u015bmy wszsytkich z listy rezerwowej.Prosimy o sprawdzenie skrzynki pocztowej. Je\u015bli mail z linkiem do spotkania nie dotar\u0142, prosimy o kontakt z organizatorami. Jak co roku Instytut Fizyki Uniwersytetu Marii Curie-Sk\u0142odowskiej w Lublinie organizuje cykl bezp\u0142atnych zaj\u0119\u0107 dla maturzyst\u00f3w. Pogotowie Przedmaturalne z Fizyki to kr\u00f3tki kurs przygotowuj\u0105cy do egzaminu dojrza\u0142o\u015bci z fizyki [&hellip;]<\/p>\n","protected":false},"author":1,"featured_media":0,"parent":0,"menu_order":0,"comment_status":"closed","ping_status":"closed","template":"","meta":{"footnotes":""},"class_list":["post-151","page","type-page","status-publish","hentry"],"_links":{"self":[{"href":"https:\/\/archimedes.umcs.pl\/pogotowie-zdalne-2023\/wp-json\/wp\/v2\/pages\/151","targetHints":{"allow":["GET"]}}],"collection":[{"href":"https:\/\/archimedes.umcs.pl\/pogotowie-zdalne-2023\/wp-json\/wp\/v2\/pages"}],"about":[{"href":"https:\/\/archimedes.umcs.pl\/pogotowie-zdalne-2023\/wp-json\/wp\/v2\/types\/page"}],"author":[{"embeddable":true,"href":"https:\/\/archimedes.umcs.pl\/pogotowie-zdalne-2023\/wp-json\/wp\/v2\/users\/1"}],"replies":[{"embeddable":true,"href":"https:\/\/archimedes.umcs.pl\/pogotowie-zdalne-2023\/wp-json\/wp\/v2\/comments?post=151"}],"version-history":[{"count":81,"href":"https:\/\/archimedes.umcs.pl\/pogotowie-zdalne-2023\/wp-json\/wp\/v2\/pages\/151\/revisions"}],"predecessor-version":[{"id":557,"href":"https:\/\/archimedes.umcs.pl\/pogotowie-zdalne-2023\/wp-json\/wp\/v2\/pages\/151\/revisions\/557"}],"wp:attachment":[{"href":"https:\/\/archimedes.umcs.pl\/pogotowie-zdalne-2023\/wp-json\/wp\/v2\/media?parent=151"}],"curies":[{"name":"wp","href":"https:\/\/api.w.org\/{rel}","templated":true}]}}