{"id":350,"date":"2022-10-19T20:32:42","date_gmt":"2022-10-19T18:32:42","guid":{"rendered":"https:\/\/archimedes.umcs.pl\/pogotowie-zdalne-2023\/?page_id=350"},"modified":"2022-12-28T14:28:12","modified_gmt":"2022-12-28T13:28:12","slug":"program","status":"publish","type":"page","link":"https:\/\/archimedes.umcs.pl\/pogotowie-zdalne-2023\/program\/","title":{"rendered":"Program"},"content":{"rendered":"\n<p>Kurs odb\u0119dzie si\u0119 w formie zdalnych zaj\u0119\u0107 na platformie MS Teams. Planujemy cykl 10 spotka\u0144 trwaj\u0105cych po oko\u0142o 2,5 godziny ka\u017cde (3 godziny lekcyjne), podzielonych na dwie cz\u0119\u015bci. Zaj\u0119cia b\u0119d\u0105 odbywa\u0107 si\u0119 w kolejne soboty pocz\u0105wszy od 21 stycznia 2023. Spotkania podzielili\u015bmy na bloki po\u015bwi\u0119cone poszczeg\u00f3lnym dzia\u0142om fizyki wymaganym na maturze. Ka\u017cdy temat b\u0119dzie omawiany w dwie kolejne soboty. W ci\u0105gu tygodnia uczniowie b\u0119d\u0105 mogli skorzysta\u0107 z dodatkowych konsultacji na grupie facebooka: <a rel=\"noreferrer noopener\" href=\"https:\/\/www.facebook.com\/pogotowieprzedmaturalne\" target=\"_blank\">https:\/\/www.facebook.com\/pogotowieprzedmaturalne<\/a>.<\/p>\n\n\n\n<p>Harmonogram:<\/p>\n\n\n\n<figure class=\"wp-block-table\"><table><tbody><tr><td><\/td><td><\/td><td><strong>9.00 \u2013 10.15<\/strong><\/td><td><strong>10.30 \u2013 11.30<\/strong><\/td><\/tr><tr><td>1<\/td><td>21 stycznia<\/td><td>Fizyka atomowa<\/td><td>Mechanika I<\/td><\/tr><tr><td>2<\/td><td>28 stycznia<\/td><td>Mechanika II<\/td><td>Energia I<\/td><\/tr><tr><td>3<\/td><td>4 lutego<\/td><td>Energia II<\/td><td>Grawitacja I<\/td><\/tr><tr><td>4<\/td><td>11 lutego<\/td><td>Grawitacja II<\/td><td>Bry\u0142a sztywna I<\/td><\/tr><tr><td>5<\/td><td>18 lutego<\/td><td>Bry\u0142a sztywna II<\/td><td>Drgania I<\/td><\/tr><tr><td>6<\/td><td>25 lutego<\/td><td>Drgania II<\/td><td>Termodynamika I<\/td><\/tr><tr><td>7<\/td><td>4 marca<\/td><td>Termodynamika II<\/td><td>Elektryczno\u015b\u0107 I<\/td><\/tr><tr><td>8<\/td><td>11 marca<\/td><td>Elektryczno\u015b\u0107 II<\/td><td>Magnetyzm I<\/td><\/tr><tr><td>9<\/td><td>18 marca<\/td><td>Magnetyzm II<\/td><td>Optyka I<\/td><\/tr><tr><td>10<\/td><td>25 marca<\/td><td>Optyka II<\/td><td>Fizyka j\u0105drowa<\/td><\/tr><\/tbody><\/table><\/figure>\n\n\n\n<p>Tematy realizowane na poszczeg\u00f3lnych zaj\u0119ciach mog\u0105 ulec zmianie.<\/p>\n","protected":false},"excerpt":{"rendered":"<p>Kurs odb\u0119dzie si\u0119 w formie zdalnych zaj\u0119\u0107 na platformie MS Teams. Planujemy cykl 10 spotka\u0144 trwaj\u0105cych po oko\u0142o 2,5 godziny ka\u017cde (3 godziny lekcyjne), podzielonych na dwie cz\u0119\u015bci. Zaj\u0119cia b\u0119d\u0105 odbywa\u0107 si\u0119 w kolejne soboty pocz\u0105wszy od 21 stycznia 2023. Spotkania podzielili\u015bmy na bloki po\u015bwi\u0119cone poszczeg\u00f3lnym dzia\u0142om fizyki wymaganym na maturze. Ka\u017cdy temat b\u0119dzie omawiany [&hellip;]<\/p>\n","protected":false},"author":1,"featured_media":0,"parent":0,"menu_order":0,"comment_status":"closed","ping_status":"closed","template":"","meta":{"footnotes":""},"class_list":["post-350","page","type-page","status-publish","hentry"],"_links":{"self":[{"href":"https:\/\/archimedes.umcs.pl\/pogotowie-zdalne-2023\/wp-json\/wp\/v2\/pages\/350","targetHints":{"allow":["GET"]}}],"collection":[{"href":"https:\/\/archimedes.umcs.pl\/pogotowie-zdalne-2023\/wp-json\/wp\/v2\/pages"}],"about":[{"href":"https:\/\/archimedes.umcs.pl\/pogotowie-zdalne-2023\/wp-json\/wp\/v2\/types\/page"}],"author":[{"embeddable":true,"href":"https:\/\/archimedes.umcs.pl\/pogotowie-zdalne-2023\/wp-json\/wp\/v2\/users\/1"}],"replies":[{"embeddable":true,"href":"https:\/\/archimedes.umcs.pl\/pogotowie-zdalne-2023\/wp-json\/wp\/v2\/comments?post=350"}],"version-history":[{"count":30,"href":"https:\/\/archimedes.umcs.pl\/pogotowie-zdalne-2023\/wp-json\/wp\/v2\/pages\/350\/revisions"}],"predecessor-version":[{"id":522,"href":"https:\/\/archimedes.umcs.pl\/pogotowie-zdalne-2023\/wp-json\/wp\/v2\/pages\/350\/revisions\/522"}],"wp:attachment":[{"href":"https:\/\/archimedes.umcs.pl\/pogotowie-zdalne-2023\/wp-json\/wp\/v2\/media?parent=350"}],"curies":[{"name":"wp","href":"https:\/\/api.w.org\/{rel}","templated":true}]}}