{"id":55,"date":"2022-02-19T18:42:04","date_gmt":"2022-02-19T17:42:04","guid":{"rendered":"https:\/\/archimedes.umcs.pl\/test1\/?page_id=55"},"modified":"2025-02-06T22:53:49","modified_gmt":"2025-02-06T21:53:49","slug":"wazne-daty","status":"publish","type":"page","link":"https:\/\/archimedes.umcs.pl\/rokprzedmatura-fizyka\/wazne-daty\/","title":{"rendered":"Wa\u017cne daty"},"content":{"rendered":"\n<figure class=\"wp-block-table\"><table><tbody><tr><td>28 marca 2025 (pi\u0105tek)<\/td><td>Zako\u0144czenie rejestracji szk\u00f3\u0142 do konkursu<\/td><\/tr><tr><td>10 kwietnia 2025 (czwartek)<\/td><td>I etap (szkolny)<\/td><\/tr><tr><td>12 maja 2025 (poniedzia\u0142ek)<\/td><td>Przesy\u0142anie list rankingowych ze szk\u00f3\u0142<\/td><\/tr><tr><td>19 maja 2025 (poniedzia\u0142ek)<\/td><td>Og\u0142oszenie listy uczestnik\u00f3w II etapu<\/td><\/tr><tr><td>13 czerwca 2025 (pi\u0105tek)<\/td><td>II etap &#8211; Instytut Fizyki UMCS<\/td><\/tr><\/tbody><\/table><\/figure>\n","protected":false},"excerpt":{"rendered":"<p>28 marca 2025 (pi\u0105tek) Zako\u0144czenie rejestracji szk\u00f3\u0142 do konkursu 10 kwietnia 2025 (czwartek) I etap (szkolny) 12 maja 2025 (poniedzia\u0142ek) Przesy\u0142anie list rankingowych ze szk\u00f3\u0142 19 maja 2025 (poniedzia\u0142ek) Og\u0142oszenie listy uczestnik\u00f3w II etapu 13 czerwca 2025 (pi\u0105tek) II etap &#8211; Instytut Fizyki UMCS<\/p>\n","protected":false},"author":1,"featured_media":0,"parent":0,"menu_order":0,"comment_status":"closed","ping_status":"closed","template":"","meta":{"footnotes":""},"class_list":["post-55","page","type-page","status-publish","hentry"],"_links":{"self":[{"href":"https:\/\/archimedes.umcs.pl\/rokprzedmatura-fizyka\/wp-json\/wp\/v2\/pages\/55","targetHints":{"allow":["GET"]}}],"collection":[{"href":"https:\/\/archimedes.umcs.pl\/rokprzedmatura-fizyka\/wp-json\/wp\/v2\/pages"}],"about":[{"href":"https:\/\/archimedes.umcs.pl\/rokprzedmatura-fizyka\/wp-json\/wp\/v2\/types\/page"}],"author":[{"embeddable":true,"href":"https:\/\/archimedes.umcs.pl\/rokprzedmatura-fizyka\/wp-json\/wp\/v2\/users\/1"}],"replies":[{"embeddable":true,"href":"https:\/\/archimedes.umcs.pl\/rokprzedmatura-fizyka\/wp-json\/wp\/v2\/comments?post=55"}],"version-history":[{"count":9,"href":"https:\/\/archimedes.umcs.pl\/rokprzedmatura-fizyka\/wp-json\/wp\/v2\/pages\/55\/revisions"}],"predecessor-version":[{"id":316,"href":"https:\/\/archimedes.umcs.pl\/rokprzedmatura-fizyka\/wp-json\/wp\/v2\/pages\/55\/revisions\/316"}],"wp:attachment":[{"href":"https:\/\/archimedes.umcs.pl\/rokprzedmatura-fizyka\/wp-json\/wp\/v2\/media?parent=55"}],"curies":[{"name":"wp","href":"https:\/\/api.w.org\/{rel}","templated":true}]}}