{"id":55,"date":"2022-02-19T18:42:04","date_gmt":"2022-02-19T17:42:04","guid":{"rendered":"https:\/\/archimedes.umcs.pl\/test1\/?page_id=55"},"modified":"2022-02-24T12:17:37","modified_gmt":"2022-02-24T11:17:37","slug":"wazne-daty","status":"publish","type":"page","link":"https:\/\/archimedes.umcs.pl\/rokprzedmatura-matematyka-2022\/wazne-daty\/","title":{"rendered":"Wa\u017cne daty"},"content":{"rendered":"\n<figure class=\"wp-block-table\"><table><tbody><tr><td>20 marca 2022<\/td><td>Rejestracja szk\u00f3\u0142 do konkursu<\/td><\/tr><tr><td>28 marca 2022 (poniedzia\u0142ek)<\/td><td>I etap (szkolny)<\/td><\/tr><tr><td>15 maja 2022<\/td><td>Og\u0142oszenie listy uczestnik\u00f3w II etapu<\/td><\/tr><tr><td>13 czerwca 2022 (poniedzia\u0142ek)<\/td><td>II etap &#8211; Instytut Matematyki UMCS<\/td><\/tr><\/tbody><\/table><\/figure>\n","protected":false},"excerpt":{"rendered":"<p>20 marca 2022 Rejestracja szk\u00f3\u0142 do konkursu 28 marca 2022 (poniedzia\u0142ek) I etap (szkolny) 15 maja 2022 Og\u0142oszenie listy uczestnik\u00f3w II etapu 13 czerwca 2022 (poniedzia\u0142ek) II etap &#8211; Instytut Matematyki UMCS<\/p>\n","protected":false},"author":1,"featured_media":0,"parent":0,"menu_order":0,"comment_status":"closed","ping_status":"closed","template":"","meta":{"footnotes":""},"class_list":["post-55","page","type-page","status-publish","hentry"],"_links":{"self":[{"href":"https:\/\/archimedes.umcs.pl\/rokprzedmatura-matematyka-2022\/wp-json\/wp\/v2\/pages\/55","targetHints":{"allow":["GET"]}}],"collection":[{"href":"https:\/\/archimedes.umcs.pl\/rokprzedmatura-matematyka-2022\/wp-json\/wp\/v2\/pages"}],"about":[{"href":"https:\/\/archimedes.umcs.pl\/rokprzedmatura-matematyka-2022\/wp-json\/wp\/v2\/types\/page"}],"author":[{"embeddable":true,"href":"https:\/\/archimedes.umcs.pl\/rokprzedmatura-matematyka-2022\/wp-json\/wp\/v2\/users\/1"}],"replies":[{"embeddable":true,"href":"https:\/\/archimedes.umcs.pl\/rokprzedmatura-matematyka-2022\/wp-json\/wp\/v2\/comments?post=55"}],"version-history":[{"count":3,"href":"https:\/\/archimedes.umcs.pl\/rokprzedmatura-matematyka-2022\/wp-json\/wp\/v2\/pages\/55\/revisions"}],"predecessor-version":[{"id":156,"href":"https:\/\/archimedes.umcs.pl\/rokprzedmatura-matematyka-2022\/wp-json\/wp\/v2\/pages\/55\/revisions\/156"}],"wp:attachment":[{"href":"https:\/\/archimedes.umcs.pl\/rokprzedmatura-matematyka-2022\/wp-json\/wp\/v2\/media?parent=55"}],"curies":[{"name":"wp","href":"https:\/\/api.w.org\/{rel}","templated":true}]}}