{"id":9,"date":"2022-02-18T16:45:22","date_gmt":"2022-02-18T15:45:22","guid":{"rendered":"https:\/\/archimedes.umcs.pl\/test1\/?page_id=9"},"modified":"2024-11-25T20:00:26","modified_gmt":"2024-11-25T19:00:26","slug":"kontakt","status":"publish","type":"page","link":"https:\/\/archimedes.umcs.pl\/spotkania-fizyka\/kontakt\/","title":{"rendered":"Kontakt"},"content":{"rendered":"\n<p>Koordynatorka Spotka\u0144 z Fizyk\u0105:<\/p>\n\n\n\n<p><br><a href=\"https:\/\/www.umcs.pl\/pl\/addres-book-employee,3218,pl.html\">dr Monika Zubik-Duda<\/a><\/p>\n\n\n\n<p>e-mail: <a href=\"mailto:archimedes-fiz@mail.umcs.pl\">archimedes-fiz@mail.umcs.pl<\/a><\/p>\n\n\n\n<p>Instytut Fizyki<br>Uniwersytet Marii Curie-Sk\u0142odowskiej w Lublinie<br>pl. M. Curie-Sk\u0142odowskiej 1<br>20-031 Lublin <\/p>\n","protected":false},"excerpt":{"rendered":"<p>Koordynatorka Spotka\u0144 z Fizyk\u0105: dr Monika Zubik-Duda e-mail: archimedes-fiz@mail.umcs.pl Instytut FizykiUniwersytet Marii Curie-Sk\u0142odowskiej w Lubliniepl. M. Curie-Sk\u0142odowskiej 120-031 Lublin<\/p>\n","protected":false},"author":1,"featured_media":0,"parent":0,"menu_order":0,"comment_status":"closed","ping_status":"closed","template":"","meta":{"footnotes":""},"class_list":["post-9","page","type-page","status-publish","hentry"],"_links":{"self":[{"href":"https:\/\/archimedes.umcs.pl\/spotkania-fizyka\/wp-json\/wp\/v2\/pages\/9","targetHints":{"allow":["GET"]}}],"collection":[{"href":"https:\/\/archimedes.umcs.pl\/spotkania-fizyka\/wp-json\/wp\/v2\/pages"}],"about":[{"href":"https:\/\/archimedes.umcs.pl\/spotkania-fizyka\/wp-json\/wp\/v2\/types\/page"}],"author":[{"embeddable":true,"href":"https:\/\/archimedes.umcs.pl\/spotkania-fizyka\/wp-json\/wp\/v2\/users\/1"}],"replies":[{"embeddable":true,"href":"https:\/\/archimedes.umcs.pl\/spotkania-fizyka\/wp-json\/wp\/v2\/comments?post=9"}],"version-history":[{"count":24,"href":"https:\/\/archimedes.umcs.pl\/spotkania-fizyka\/wp-json\/wp\/v2\/pages\/9\/revisions"}],"predecessor-version":[{"id":661,"href":"https:\/\/archimedes.umcs.pl\/spotkania-fizyka\/wp-json\/wp\/v2\/pages\/9\/revisions\/661"}],"wp:attachment":[{"href":"https:\/\/archimedes.umcs.pl\/spotkania-fizyka\/wp-json\/wp\/v2\/media?parent=9"}],"curies":[{"name":"wp","href":"https:\/\/api.w.org\/{rel}","templated":true}]}}