{"id":26,"date":"2022-02-09T18:38:27","date_gmt":"2022-02-09T17:38:27","guid":{"rendered":"https:\/\/archimedes.umcs.pl\/uczsiezmaifia2\/?page_id=26"},"modified":"2023-02-21T10:48:33","modified_gmt":"2023-02-21T09:48:33","slug":"uczsiezmafiia2","status":"publish","type":"page","link":"https:\/\/archimedes.umcs.pl\/uczsiezmafiia2\/","title":{"rendered":"archimedes.umcs.pl\/uczsiezmaifiia2"},"content":{"rendered":"\n<h2 class=\"has-text-align-center wp-block-heading\">Ucz si\u0119 z MaFiI-\u0105 2<\/h2>\n\n\n\n<div style=\"height:25px\" aria-hidden=\"true\" class=\"wp-block-spacer\"><\/div>\n\n\n\n<div style=\"height:25px\" aria-hidden=\"true\" class=\"wp-block-spacer\"><\/div>\n\n\n\n<figure class=\"wp-block-image aligncenter size-full is-style-default\"><img loading=\"lazy\" decoding=\"async\" width=\"747\" height=\"578\" src=\"https:\/\/archimedes.umcs.pl\/uczsiezmafiia2\/wp-content\/uploads\/sites\/10\/2022\/02\/image1.png\" alt=\"\" class=\"wp-image-163\" srcset=\"https:\/\/archimedes.umcs.pl\/uczsiezmafiia2\/wp-content\/uploads\/sites\/10\/2022\/02\/image1.png 747w, https:\/\/archimedes.umcs.pl\/uczsiezmafiia2\/wp-content\/uploads\/sites\/10\/2022\/02\/image1-300x232.png 300w\" sizes=\"auto, (max-width: 747px) 100vw, 747px\" \/><\/figure>\n\n\n\n<p><br>Projekt po\u015bwi\u0119cony promocji nauki<br>na Wydziale Matematyki, Fizyki i Informatyki<br>Uniwersytetu Marii Curie-Sk\u0142odowskiej w Lublinie<br><\/p>\n\n\n\n<div style=\"height:25px\" aria-hidden=\"true\" class=\"wp-block-spacer\"><\/div>\n\n\n\n<figure class=\"wp-block-image size-large\"><img loading=\"lazy\" decoding=\"async\" width=\"725\" height=\"1024\" src=\"https:\/\/archimedes.umcs.pl\/uczsiezmafiia2\/wp-content\/uploads\/sites\/10\/2022\/02\/plakat_uczsie-725x1024.png\" alt=\"\" class=\"wp-image-141\" srcset=\"https:\/\/archimedes.umcs.pl\/uczsiezmafiia2\/wp-content\/uploads\/sites\/10\/2022\/02\/plakat_uczsie-725x1024.png 725w, https:\/\/archimedes.umcs.pl\/uczsiezmafiia2\/wp-content\/uploads\/sites\/10\/2022\/02\/plakat_uczsie-212x300.png 212w, https:\/\/archimedes.umcs.pl\/uczsiezmafiia2\/wp-content\/uploads\/sites\/10\/2022\/02\/plakat_uczsie-768x1085.png 768w, https:\/\/archimedes.umcs.pl\/uczsiezmafiia2\/wp-content\/uploads\/sites\/10\/2022\/02\/plakat_uczsie-1087x1536.png 1087w, https:\/\/archimedes.umcs.pl\/uczsiezmafiia2\/wp-content\/uploads\/sites\/10\/2022\/02\/plakat_uczsie.png 1123w\" sizes=\"auto, (max-width: 725px) 100vw, 725px\" \/><\/figure>\n\n\n\n<p>Dofinansowane ze \u015brodk\u00f3w bud\u017cetu pa\u0144stwa<br>Program: Spo\u0142eczna odpowiedzialno\u015b\u0107 nauki<br>Popularyzacja nauki i promocja sportu<\/p>\n\n\n\n<p>nr SONP\/SP\/514019\/2021<\/p>\n\n\n\n<p><br>Kwota dofinansowania: 100 000 z\u0142<br>Ca\u0142kowita warto\u015b\u0107 projektu: 111 115 z\u0142<\/p>\n\n\n\n<div style=\"height:25px\" aria-hidden=\"true\" class=\"wp-block-spacer\"><\/div>\n\n\n\n<figure class=\"wp-block-image size-large\"><img loading=\"lazy\" decoding=\"async\" width=\"1024\" height=\"341\" src=\"https:\/\/archimedes.umcs.pl\/uczsiezmafiia2\/wp-content\/uploads\/sites\/10\/2022\/02\/znaki_strona_www-1024x341.png\" alt=\"\" class=\"wp-image-146\" srcset=\"https:\/\/archimedes.umcs.pl\/uczsiezmafiia2\/wp-content\/uploads\/sites\/10\/2022\/02\/znaki_strona_www-1024x341.png 1024w, https:\/\/archimedes.umcs.pl\/uczsiezmafiia2\/wp-content\/uploads\/sites\/10\/2022\/02\/znaki_strona_www-300x100.png 300w, https:\/\/archimedes.umcs.pl\/uczsiezmafiia2\/wp-content\/uploads\/sites\/10\/2022\/02\/znaki_strona_www-768x256.png 768w, https:\/\/archimedes.umcs.pl\/uczsiezmafiia2\/wp-content\/uploads\/sites\/10\/2022\/02\/znaki_strona_www-1536x511.png 1536w, https:\/\/archimedes.umcs.pl\/uczsiezmafiia2\/wp-content\/uploads\/sites\/10\/2022\/02\/znaki_strona_www.png 1751w\" sizes=\"auto, (max-width: 1024px) 100vw, 1024px\" \/><\/figure>\n\n\n\n<p>Wydarzenia zorganizowane w ramach projektu &#8222;Ucz si\u0119 z MaFiI-\u0105 2&#8221;: <\/p>\n\n\n\n<ul class=\"wp-block-list\">\n<li><a href=\"https:\/\/archimedes.umcs.pl\/rokprzedmatura-matematyka-2022\">Rok przed Matur\u0105 &#8211; Matematyka<\/a><\/li>\n\n\n\n<li><a href=\"https:\/\/archimedes.umcs.pl\/rokprzedmatura-fizyka-2022\">Rok przed Matur\u0105 &#8211; Fizyka<\/a><\/li>\n\n\n\n<li><a href=\"https:\/\/archimedes.umcs.pl\/spotkania-2022\">Spotkania z Fizyk\u0105 i Matematyk\u0105<\/a><\/li>\n\n\n\n<li><a href=\"https:\/\/archimedes.umcs.pl\/uczsiezmafiia2\/\" data-type=\"page\" data-id=\"26\">Pi\u0105tek z MaFiI-<\/a><a href=\"https:\/\/archimedes.umcs.pl\/piatek\/\" data-type=\"page\" data-id=\"26\">\u0105<\/a><\/li>\n<\/ul>\n\n\n\n<p>Koorynatorami projketu s\u0105:<\/p>\n\n\n\n<ul class=\"wp-block-list\">\n<li>dr hab. Micha\u0142 Warda, prof. UMCS &#8211; Instytut Fizyki<\/li>\n\n\n\n<li>dr Anna G\u0105sior &#8211; Instytut Matematyki<\/li>\n<\/ul>\n","protected":false},"excerpt":{"rendered":"<p>Ucz si\u0119 z MaFiI-\u0105 2 Projekt po\u015bwi\u0119cony promocji naukina Wydziale Matematyki, Fizyki i InformatykiUniwersytetu Marii Curie-Sk\u0142odowskiej w Lublinie Dofinansowane ze \u015brodk\u00f3w bud\u017cetu pa\u0144stwaProgram: Spo\u0142eczna odpowiedzialno\u015b\u0107 naukiPopularyzacja nauki i promocja sportu nr SONP\/SP\/514019\/2021 Kwota dofinansowania: 100 000 z\u0142Ca\u0142kowita warto\u015b\u0107 projektu: 111 115 z\u0142 Wydarzenia zorganizowane w ramach projektu &#8222;Ucz si\u0119 z MaFiI-\u0105 2&#8221;: Koorynatorami projketu s\u0105:<\/p>\n","protected":false},"author":1,"featured_media":9,"parent":0,"menu_order":0,"comment_status":"closed","ping_status":"closed","template":"","meta":{"footnotes":""},"class_list":["post-26","page","type-page","status-publish","has-post-thumbnail","hentry"],"_links":{"self":[{"href":"https:\/\/archimedes.umcs.pl\/uczsiezmafiia2\/wp-json\/wp\/v2\/pages\/26","targetHints":{"allow":["GET"]}}],"collection":[{"href":"https:\/\/archimedes.umcs.pl\/uczsiezmafiia2\/wp-json\/wp\/v2\/pages"}],"about":[{"href":"https:\/\/archimedes.umcs.pl\/uczsiezmafiia2\/wp-json\/wp\/v2\/types\/page"}],"author":[{"embeddable":true,"href":"https:\/\/archimedes.umcs.pl\/uczsiezmafiia2\/wp-json\/wp\/v2\/users\/1"}],"replies":[{"embeddable":true,"href":"https:\/\/archimedes.umcs.pl\/uczsiezmafiia2\/wp-json\/wp\/v2\/comments?post=26"}],"version-history":[{"count":28,"href":"https:\/\/archimedes.umcs.pl\/uczsiezmafiia2\/wp-json\/wp\/v2\/pages\/26\/revisions"}],"predecessor-version":[{"id":181,"href":"https:\/\/archimedes.umcs.pl\/uczsiezmafiia2\/wp-json\/wp\/v2\/pages\/26\/revisions\/181"}],"wp:featuredmedia":[{"embeddable":true,"href":"https:\/\/archimedes.umcs.pl\/uczsiezmafiia2\/wp-json\/wp\/v2\/media\/9"}],"wp:attachment":[{"href":"https:\/\/archimedes.umcs.pl\/uczsiezmafiia2\/wp-json\/wp\/v2\/media?parent=26"}],"curies":[{"name":"wp","href":"https:\/\/api.w.org\/{rel}","templated":true}]}}