{"id":151,"date":"2022-02-25T14:44:17","date_gmt":"2022-02-25T13:44:17","guid":{"rendered":"https:\/\/archimedes.umcs.pl\/wszechswiat\/?page_id=151"},"modified":"2024-01-05T14:13:16","modified_gmt":"2024-01-05T13:13:16","slug":"spotkania-z-fizyka-i-matematyka","status":"publish","type":"page","link":"https:\/\/archimedes.umcs.pl\/wszechswiat\/","title":{"rendered":"Wszech\u015bwiat znany i nieznany"},"content":{"rendered":"\n<p><\/p>\n\n\n\n<p><\/p>\n\n\n\n<p><\/p>\n\n\n\n<p>Zapraszamy mi\u0142o\u015bnik\u00f3w astronomii na cykl wyk\u0142ad\u00f3w &#8222;Wszech\u015bwiat znany i nieznany&#8221;. <\/p>\n\n\n\n<p>Wyk\u0142ady prowadzi prof. dr hab. Marek Rogatko z Instytutu Fizyki UMCS w Lublinie. Specjalista w zakresie kosmologii, w szczeg\u00f3lno\u015bci teoretycznego opisu czarnych dziur i popularyzator fizyki.<\/p>\n\n\n\n<p>Spotkania odbywa j\u0105 si\u0119 w czwartki o godzinie 17.00 w Auli Fizyki UMCS w Lublinie, przy ul. Radziszewskiego 10. Po wyk\u0142adach zapraszamy na dyskusj\u0119 przy kawie i herbacie. <\/p>\n\n\n\n<p>Najbli\u017csze wyk\u0142ady:<\/p>\n\n\n\n<ul class=\"wp-block-list\">\n<li><strong>11 stycznia 2024<\/strong><\/li>\n<\/ul>\n\n\n\n<p><strong>Kosmiczne potwory<\/strong><\/p>\n\n\n\n<p>Wyk\u0142ad dotyczy\u0107 b\u0119dzie jednych z najbardziej energetycznych zjawisk we Wszech\u015bwiecie, b\u0142ysk\u00f3w promieniowania gamma i kr\u00f3tkich b\u0142ysk\u00f3w radiowych. Przedstawione zostan\u0105 teorie opisuj\u0105ce te zjawiska oraz dane obserwacyjne. Jednam z mo\u017cliwych modeli mog\u0105 by\u0107 magnetary &#8211; gwiazdy neutronowe z olbrzymimi polami magnetycznymi.<\/p>\n\n\n\n<ul class=\"wp-block-list\">\n<li><strong>15 lutego 2024<\/strong><\/li>\n<\/ul>\n\n\n\n<p><strong>Czy jeste\u015bmy sami we Wszech\u015bwiecie?<\/strong><\/p>\n\n\n\n<p>Przedstawione zostan\u0105 aktualne dane obserwacyjne dotycz\u0105ce planet poza uk\u0142adem S\u0142onecznym, warunki jakie mog\u0105 na nich panowa\u0107, sk\u0142ad ich atmosfer, metody poszukiwa\u0144 planet pozaziemskich, oraz warunki&nbsp; do powstania na nich \u017cycia. Om\u00f3wione zostan\u0105 tak\u017ce projekty SETI oraz r\u00f3wnanie Drake\u2019a opisuj\u0105ce prawdopodobie\u0144stwo powstania cywilizacji kosmicznej.<\/p>\n\n\n\n<p><strong>Wst\u0119p wolny!<\/strong><\/p>\n","protected":false},"excerpt":{"rendered":"<p>Zapraszamy mi\u0142o\u015bnik\u00f3w astronomii na cykl wyk\u0142ad\u00f3w &#8222;Wszech\u015bwiat znany i nieznany&#8221;. Wyk\u0142ady prowadzi prof. dr hab. Marek Rogatko z Instytutu Fizyki UMCS w Lublinie. Specjalista w zakresie kosmologii, w szczeg\u00f3lno\u015bci teoretycznego opisu czarnych dziur i popularyzator fizyki. Spotkania odbywa j\u0105 si\u0119 w czwartki o godzinie 17.00 w Auli Fizyki UMCS w Lublinie, przy ul. Radziszewskiego 10. [&hellip;]<\/p>\n","protected":false},"author":1,"featured_media":0,"parent":0,"menu_order":0,"comment_status":"closed","ping_status":"closed","template":"","meta":{"footnotes":""},"class_list":["post-151","page","type-page","status-publish","hentry"],"_links":{"self":[{"href":"https:\/\/archimedes.umcs.pl\/wszechswiat\/wp-json\/wp\/v2\/pages\/151","targetHints":{"allow":["GET"]}}],"collection":[{"href":"https:\/\/archimedes.umcs.pl\/wszechswiat\/wp-json\/wp\/v2\/pages"}],"about":[{"href":"https:\/\/archimedes.umcs.pl\/wszechswiat\/wp-json\/wp\/v2\/types\/page"}],"author":[{"embeddable":true,"href":"https:\/\/archimedes.umcs.pl\/wszechswiat\/wp-json\/wp\/v2\/users\/1"}],"replies":[{"embeddable":true,"href":"https:\/\/archimedes.umcs.pl\/wszechswiat\/wp-json\/wp\/v2\/comments?post=151"}],"version-history":[{"count":68,"href":"https:\/\/archimedes.umcs.pl\/wszechswiat\/wp-json\/wp\/v2\/pages\/151\/revisions"}],"predecessor-version":[{"id":512,"href":"https:\/\/archimedes.umcs.pl\/wszechswiat\/wp-json\/wp\/v2\/pages\/151\/revisions\/512"}],"wp:attachment":[{"href":"https:\/\/archimedes.umcs.pl\/wszechswiat\/wp-json\/wp\/v2\/media?parent=151"}],"curies":[{"name":"wp","href":"https:\/\/api.w.org\/{rel}","templated":true}]}}